{"id":57,"date":"2016-02-22T11:42:00","date_gmt":"2016-02-22T10:42:00","guid":{"rendered":"http:\/\/fd-digitalservice.de\/Web\/?page_id=57"},"modified":"2016-04-21T15:03:35","modified_gmt":"2016-04-21T13:03:35","slug":"broschueren","status":"publish","type":"page","link":"https:\/\/fd-digitalservice.de\/Web\/broschueren\/","title":{"rendered":"Brosch\u00fcren"},"content":{"rendered":"<div class=\"tx-row \">\n<div class=\"tx-column tx-column-size-1-2\">\n<div class=\"tx-heading\" style=\"margin-bottom:24px; text-align: center;\"><h2 class=\"tx-heading-tag\" style=\"font-size:24px;\">Brosch\u00fcren<\/h2><\/div>\nWir produzieren Brosch\u00fcren in den Gr\u00f6\u00dfen DIN A4 (DIN A3 auf DIN A4 gefaltet)<br \/>\nund  DIN A5 (DIN A4 auf DIN A5 gefaltet). Unsere Brosch\u00fcren zeichnen sich<br \/>\ndurch eine sehr hohe Druck- und  Fertigungsqualit\u00e4t aus. Der Umschlag wird auf<br \/>\nein sehr hochwertiges, satiniertes (gegl\u00e4ttetes) 80 gr\/m &#8211; 250 gr\/m\u00b2 Papier<br \/>\ngedruckt. Nach Kundenwunsch wird der Umschlag separat zum Innenteil farbig<br \/>\ngedruckt und sp\u00e4ter dem schwarz-weissen Innenteil hinzugef\u00fcgt. Die Brosch\u00fcren<br \/>\nwerden mit einer  2-Fach R\u00fcckendrahtheftung oder einer PUR-Klebebindung hergestellt.<br \/>\nGanz nach Ihren W\u00fcnschen. <\/div>\n<div class=\"tx-column tx-column-size-1-2\">\n<div class=\"tx-heading\" style=\"margin-bottom:24px; text-align: center;\"><h2 class=\"tx-heading-tag\" style=\"font-size:24px;\">Anwendungsbeispiele<\/h2><\/div>\n<p style=\"text-align: center\">\nKataloge,<br \/>\nVereinszeitschriften, Imagebrosch\u00fcren,<br \/>\nBedienungsanleitungen, Abizeitungen,<br \/>\nSch\u00fclerzeitungen, Montageanleitungen.<\/p>\n<p style=\"text-align: center\">\nSie m\u00f6chten au\u00dferdem eine besondere Veredelung oder Spiralbindung<br \/>\nf\u00fcr ihre Brosch\u00fcre verwenden?<br \/>\nDann kontaktieren Sie uns.<br \/>\n<\/div>\n<\/div>\n<p><script>\n  (function(i,s,o,g,r,a,m){i['GoogleAnalyticsObject']=r;i[r]=i[r]||function(){\n  (i[r].q=i[r].q||[]).push(arguments)},i[r].l=1*new Date();a=s.createElement(o),\n  m=s.getElementsByTagName(o)[0];a.async=1;a.src=g;m.parentNode.insertBefore(a,m)\n  })(window,document,'script','https:\/\/www.google-analytics.com\/analytics.js','ga');<\/p>\n<p>  ga('create', 'UA-76735236-1', 'auto');\n  ga('send', 'pageview');<\/p>\n<p><\/script><\/p>\n","protected":false},"excerpt":{"rendered":"","protected":false},"author":1,"featured_media":0,"parent":0,"menu_order":0,"comment_status":"closed","ping_status":"closed","template":"","meta":{"footnotes":""},"class_list":["post-57","page","type-page","status-publish","hentry"],"jetpack_sharing_enabled":true,"jetpack_shortlink":"https:\/\/wp.me\/P7rMMB-V","_links":{"self":[{"href":"https:\/\/fd-digitalservice.de\/Web\/wp-json\/wp\/v2\/pages\/57","targetHints":{"allow":["GET"]}}],"collection":[{"href":"https:\/\/fd-digitalservice.de\/Web\/wp-json\/wp\/v2\/pages"}],"about":[{"href":"https:\/\/fd-digitalservice.de\/Web\/wp-json\/wp\/v2\/types\/page"}],"author":[{"embeddable":true,"href":"https:\/\/fd-digitalservice.de\/Web\/wp-json\/wp\/v2\/users\/1"}],"replies":[{"embeddable":true,"href":"https:\/\/fd-digitalservice.de\/Web\/wp-json\/wp\/v2\/comments?post=57"}],"version-history":[{"count":5,"href":"https:\/\/fd-digitalservice.de\/Web\/wp-json\/wp\/v2\/pages\/57\/revisions"}],"predecessor-version":[{"id":200,"href":"https:\/\/fd-digitalservice.de\/Web\/wp-json\/wp\/v2\/pages\/57\/revisions\/200"}],"wp:attachment":[{"href":"https:\/\/fd-digitalservice.de\/Web\/wp-json\/wp\/v2\/media?parent=57"}],"curies":[{"name":"wp","href":"https:\/\/api.w.org\/{rel}","templated":true}]}}