{"id":53,"date":"2016-02-22T11:41:14","date_gmt":"2016-02-22T10:41:14","guid":{"rendered":"http:\/\/fd-digitalservice.de\/Web\/?page_id=53"},"modified":"2024-10-14T14:54:56","modified_gmt":"2024-10-14T12:54:56","slug":"flipcharts","status":"publish","type":"page","link":"https:\/\/fd-digitalservice.de\/Web\/flipcharts\/","title":{"rendered":"Flipcharts"},"content":{"rendered":"<div class=\"tx-row \">\n<div class=\"tx-column tx-column-size-1-2\">\n<div class=\"tx-heading\" style=\"margin-bottom:24px; text-align: center;\"><h2 class=\"tx-heading-tag\" style=\"font-size:24px;\">Roll-Up<\/h2><\/div>\n<p>Roll-Ups das beliebtestet Displaysystem, Wenn es darum geht, bestimmte<br \/>\nBotschaften kurz und b\u00fcndig zu pr\u00e4sentieren liegen die Vorteile auf der<br \/>\nHand: Jedes Roll-Up ist \u00fcberall f\u00fcr die Pr\u00e4sentation Ihrer Produkte<br \/>\neinsetzbar. Wenn es darum geht, Ihre Werbebotschaften an den unterschied-<br \/>\nlichsten Orten einzusetzen, ganz gleich ob Messe, Event oder bei einem Seminar.<br \/>\n<\/div>\n<div class=\"tx-column tx-column-size-1-2\">\n<div class=\"tx-heading\" style=\"margin-bottom:24px; text-align: center;\"><h2 class=\"tx-heading-tag\" style=\"font-size:24px;\">Flipcharts<\/h2><\/div>\n<p>Flipcharts f\u00fcr Ihre Pr\u00e4sentation oder Schulung, Format: 680 x 985 mm<br \/>\nFarbig oder s\/w, inkl. Flipchart Standardlochung, Material in 90 g\/m<br \/>\noder 180 g\/m, auch individuelle Gr\u00f6\u00dfen m\u00f6glich<\/p>\n<\/div>\n<\/div>\n","protected":false},"excerpt":{"rendered":"","protected":false},"author":1,"featured_media":0,"parent":0,"menu_order":0,"comment_status":"closed","ping_status":"closed","template":"","meta":{"footnotes":""},"class_list":["post-53","page","type-page","status-publish","hentry"],"jetpack_sharing_enabled":true,"jetpack_shortlink":"https:\/\/wp.me\/P7rMMB-R","_links":{"self":[{"href":"https:\/\/fd-digitalservice.de\/Web\/wp-json\/wp\/v2\/pages\/53","targetHints":{"allow":["GET"]}}],"collection":[{"href":"https:\/\/fd-digitalservice.de\/Web\/wp-json\/wp\/v2\/pages"}],"about":[{"href":"https:\/\/fd-digitalservice.de\/Web\/wp-json\/wp\/v2\/types\/page"}],"author":[{"embeddable":true,"href":"https:\/\/fd-digitalservice.de\/Web\/wp-json\/wp\/v2\/users\/1"}],"replies":[{"embeddable":true,"href":"https:\/\/fd-digitalservice.de\/Web\/wp-json\/wp\/v2\/comments?post=53"}],"version-history":[{"count":9,"href":"https:\/\/fd-digitalservice.de\/Web\/wp-json\/wp\/v2\/pages\/53\/revisions"}],"predecessor-version":[{"id":292,"href":"https:\/\/fd-digitalservice.de\/Web\/wp-json\/wp\/v2\/pages\/53\/revisions\/292"}],"wp:attachment":[{"href":"https:\/\/fd-digitalservice.de\/Web\/wp-json\/wp\/v2\/media?parent=53"}],"curies":[{"name":"wp","href":"https:\/\/api.w.org\/{rel}","templated":true}]}}