{"id":51,"date":"2016-02-22T11:40:55","date_gmt":"2016-02-22T10:40:55","guid":{"rendered":"http:\/\/fd-digitalservice.de\/Web\/?page_id=51"},"modified":"2024-10-14T14:54:13","modified_gmt":"2024-10-14T12:54:13","slug":"poster","status":"publish","type":"page","link":"https:\/\/fd-digitalservice.de\/Web\/poster\/","title":{"rendered":"Poster \/  Roll-Up"},"content":{"rendered":"<div class=\"tx-row \">\n<div class=\"tx-column tx-column-size-1-2\">\n<p style=\"text-align: center\"><div class=\"tx-heading\" style=\"margin-bottom:24px; text-align: center;\"><h2 class=\"tx-heading-tag\" style=\"font-size:24px;\">Poster<\/h2><\/div><strong><br \/>\n<\/strong><\/p>\n<p>Unsere modernen HP-Gro\u00dfformatdrucker sind in der Lage, die verschiedensten<br \/>\nMaterialien zu bedrucken. Dazu geh\u00f6ren zum Beispiel: PVC-Folien, Spezialpapier, Banner, Rollups und vieles mehr, die bei Bedarf auch wasserfest und UV-best\u00e4ndig erh\u00e4ltlich sind. Erg\u00e4nzend dazu k\u00f6nnen Sie aus unterschiedliche Grammaturen und<br \/>\nverschiedensten Oberfl\u00e4chenstrukturen (matt, gl\u00e4nzend oder durchscheinend)\u00a0 ihr passendes Printprodukt im XXL-Format w\u00e4hlen.<br \/>\n<\/div>\n<div class=\"tx-column tx-column-size-1-2\">\n<p style=\"text-align: center\"><div class=\"tx-heading\" style=\"margin-bottom:24px; text-align: left;\"><h2 class=\"tx-heading-tag\" style=\"font-size:24px;\">Hier einige M\u00f6glichkeiten f\u00fcr den Posterdruck<\/h2><\/div>\n<p style=\"text-align: center\">Poster in DIN Formaten oder bis 1,30 Breite und Endlosformat<br \/>\nDigitale, stufenlose Vergr\u00f6\u00dferung und Verkleinerung<br \/>\ngl\u00e4nzendes und mattes Material in verschiedenen Grammaturen<br \/>\nAufklebmaterial m\u00f6glich<\/p>\n<\/div>\n<\/div>\n","protected":false},"excerpt":{"rendered":"","protected":false},"author":1,"featured_media":0,"parent":0,"menu_order":0,"comment_status":"closed","ping_status":"closed","template":"","meta":{"footnotes":""},"class_list":["post-51","page","type-page","status-publish","hentry"],"jetpack_sharing_enabled":true,"jetpack_shortlink":"https:\/\/wp.me\/P7rMMB-P","_links":{"self":[{"href":"https:\/\/fd-digitalservice.de\/Web\/wp-json\/wp\/v2\/pages\/51","targetHints":{"allow":["GET"]}}],"collection":[{"href":"https:\/\/fd-digitalservice.de\/Web\/wp-json\/wp\/v2\/pages"}],"about":[{"href":"https:\/\/fd-digitalservice.de\/Web\/wp-json\/wp\/v2\/types\/page"}],"author":[{"embeddable":true,"href":"https:\/\/fd-digitalservice.de\/Web\/wp-json\/wp\/v2\/users\/1"}],"replies":[{"embeddable":true,"href":"https:\/\/fd-digitalservice.de\/Web\/wp-json\/wp\/v2\/comments?post=51"}],"version-history":[{"count":9,"href":"https:\/\/fd-digitalservice.de\/Web\/wp-json\/wp\/v2\/pages\/51\/revisions"}],"predecessor-version":[{"id":291,"href":"https:\/\/fd-digitalservice.de\/Web\/wp-json\/wp\/v2\/pages\/51\/revisions\/291"}],"wp:attachment":[{"href":"https:\/\/fd-digitalservice.de\/Web\/wp-json\/wp\/v2\/media?parent=51"}],"curies":[{"name":"wp","href":"https:\/\/api.w.org\/{rel}","templated":true}]}}