{"id":49,"date":"2016-02-22T11:40:03","date_gmt":"2016-02-22T10:40:03","guid":{"rendered":"http:\/\/fd-digitalservice.de\/Web\/?page_id=49"},"modified":"2016-04-12T15:13:18","modified_gmt":"2016-04-12T13:13:18","slug":"offsetdruck","status":"publish","type":"page","link":"https:\/\/fd-digitalservice.de\/Web\/offsetdruck\/","title":{"rendered":"Offsetdruck"},"content":{"rendered":"<div class=\"tx-row \">\n<div class=\"tx-column tx-column-size-1-2\">\n<div class=\"tx-heading\" style=\"margin-bottom:24px; text-align: center;\"><h2 class=\"tx-heading-tag\" style=\"font-size:24px;\">Brosch\u00fcren<\/h2><\/div>\nGesch\u00e4ftsdrucke repr\u00e4sentieren Ihr Unternehmen und sollen einen bleibenden<br \/>\npositiven Eindruck hinterlassen. Wir sorgen mit unseren qualitativ<br \/>\nhochwertigen Gesch\u00e4ftsdrucken f\u00fcr Ihren perfekten Firmenauftritt.<br \/>\nOffsetdruck mit brillanten Farben \u2013 gr\u00f6\u00dfere Druckauflagen,<br \/>\nSonderfarben oder Lakierungen<\/p>\n<p>Getreu unseres Firmenleitsatzes \u201cVon der Idee bis zum Versand, alles<br \/>\naus einer Hand!\u201d bieten wir Ihnen f\u00fcr gr\u00f6\u00dfere Auflagen und f\u00fcr Ihre<br \/>\nDruckerzeugnisse mit Sonderfarben oder Lackierungen ein umfassendes<br \/>\nLeistungspaket im Offsetbereich.Unsere Druckmaschinen sind mit<br \/>\nmoderner Technik ausgestattet und bringen mit einer Geschwindigkeit<br \/>\nvon bis zu 15.000 Druck je Stunde, eine brillante Qualit\u00e4t bis zu<br \/>\nvier Farben plus Dispersionslack zeitgleich aufs Papier. <\/div>\n<div class=\"tx-column tx-column-size-1-2\">\n<div class=\"tx-heading\" style=\"margin-bottom:24px; text-align: center;\"><h2 class=\"tx-heading-tag\" style=\"font-size:24px;\">Anwendungsbeispiele<\/h2><\/div>\n<p style=\"text-align: center\">\nKataloge,<br \/>\nVisitenkarten, Klappvisitenkarten,<br \/>\nBriefpapier, Briefb\u00f6gen, Bl\u00f6cke,<br \/>\nKuverts, Etiketten ,Preislisten,<br \/>\nVordrucke, Rechnungsbl\u00f6cke, Flyer,<br \/>\nFaltbl\u00e4tter, Speisekarten.<\/p>\n<\/div>\n<\/div>\n","protected":false},"excerpt":{"rendered":"","protected":false},"author":1,"featured_media":0,"parent":0,"menu_order":0,"comment_status":"closed","ping_status":"closed","template":"","meta":{"footnotes":""},"class_list":["post-49","page","type-page","status-publish","hentry"],"jetpack_sharing_enabled":true,"jetpack_shortlink":"https:\/\/wp.me\/P7rMMB-N","_links":{"self":[{"href":"https:\/\/fd-digitalservice.de\/Web\/wp-json\/wp\/v2\/pages\/49","targetHints":{"allow":["GET"]}}],"collection":[{"href":"https:\/\/fd-digitalservice.de\/Web\/wp-json\/wp\/v2\/pages"}],"about":[{"href":"https:\/\/fd-digitalservice.de\/Web\/wp-json\/wp\/v2\/types\/page"}],"author":[{"embeddable":true,"href":"https:\/\/fd-digitalservice.de\/Web\/wp-json\/wp\/v2\/users\/1"}],"replies":[{"embeddable":true,"href":"https:\/\/fd-digitalservice.de\/Web\/wp-json\/wp\/v2\/comments?post=49"}],"version-history":[{"count":3,"href":"https:\/\/fd-digitalservice.de\/Web\/wp-json\/wp\/v2\/pages\/49\/revisions"}],"predecessor-version":[{"id":141,"href":"https:\/\/fd-digitalservice.de\/Web\/wp-json\/wp\/v2\/pages\/49\/revisions\/141"}],"wp:attachment":[{"href":"https:\/\/fd-digitalservice.de\/Web\/wp-json\/wp\/v2\/media?parent=49"}],"curies":[{"name":"wp","href":"https:\/\/api.w.org\/{rel}","templated":true}]}}