{"id":47,"date":"2016-02-22T11:38:13","date_gmt":"2016-02-22T10:38:13","guid":{"rendered":"http:\/\/fd-digitalservice.de\/Web\/?page_id=47"},"modified":"2024-10-14T14:52:53","modified_gmt":"2024-10-14T12:52:53","slug":"technische-zeichnungen","status":"publish","type":"page","link":"https:\/\/fd-digitalservice.de\/Web\/technische-zeichnungen\/","title":{"rendered":"Technische Zeichnungen"},"content":{"rendered":"<div class=\"tx-row \">\n<div class=\"tx-column tx-column-size-1-2\">\n<div class=\"tx-heading\" style=\"margin-bottom:24px; text-align: center;\"><h2 class=\"tx-heading-tag\" style=\"font-size:24px;\">Heading Text<\/h2><\/div>\n<p>Wenn Sie f\u00fcr alten Pl\u00e4ne Ersatz ben\u00f6tigen oder bereits gedruckte Pl\u00e4ne kopieren<br \/>\nm\u00f6chten, k\u00f6nnen wir die Pl\u00e4ne digitalisieren, ausdrucken und weiterverarbeiten.<br \/>\nWir digitalisieren Ihre Pl\u00e4ne, technischen Zeichnungen bis zu einer Breite von 91 cm<br \/>\nin Farbe oder SW. Ausgabe in den Dateiformaten JPG, TIFF oder PDF auf CD, DVD<br \/>\noder eigenem USB- Stick. Nat\u00fcrlich drucken wir auch Ihrer Pl\u00e4ne von Datei.<br \/>\nKomplette Nachverarbeitung, schneiden, falten, Abheftstreifen, einlegen in Ordnern.<br \/>\n<\/div>\n<div class=\"tx-column tx-column-size-1-2\">\n<div class=\"tx-heading\" style=\"margin-bottom:24px; text-align: center;\"><h2 class=\"tx-heading-tag\" style=\"font-size:24px;\">Einige M\u00f6glichkeiten<\/h2><\/div>\n<p style=\"text-align: center\">1 : 1 Kopien von Ihren Pl\u00e4nen bis<br \/>\nDIN A0 Breite und Endlosformat<br \/>\nDigitale, stufenlose Vergr\u00f6\u00dferung und<br \/>\nVerkleinerung bis DIN A0 Breite<br \/>\nMaschinelles Falten bis A0<br \/>\nPlot-Service von Datei<br \/>\ns\/w und farbig<\/p>\n<\/div>\n<\/div>\n","protected":false},"excerpt":{"rendered":"","protected":false},"author":1,"featured_media":0,"parent":0,"menu_order":0,"comment_status":"closed","ping_status":"closed","template":"","meta":{"footnotes":""},"class_list":["post-47","page","type-page","status-publish","hentry"],"jetpack_sharing_enabled":true,"jetpack_shortlink":"https:\/\/wp.me\/P7rMMB-L","_links":{"self":[{"href":"https:\/\/fd-digitalservice.de\/Web\/wp-json\/wp\/v2\/pages\/47","targetHints":{"allow":["GET"]}}],"collection":[{"href":"https:\/\/fd-digitalservice.de\/Web\/wp-json\/wp\/v2\/pages"}],"about":[{"href":"https:\/\/fd-digitalservice.de\/Web\/wp-json\/wp\/v2\/types\/page"}],"author":[{"embeddable":true,"href":"https:\/\/fd-digitalservice.de\/Web\/wp-json\/wp\/v2\/users\/1"}],"replies":[{"embeddable":true,"href":"https:\/\/fd-digitalservice.de\/Web\/wp-json\/wp\/v2\/comments?post=47"}],"version-history":[{"count":10,"href":"https:\/\/fd-digitalservice.de\/Web\/wp-json\/wp\/v2\/pages\/47\/revisions"}],"predecessor-version":[{"id":288,"href":"https:\/\/fd-digitalservice.de\/Web\/wp-json\/wp\/v2\/pages\/47\/revisions\/288"}],"wp:attachment":[{"href":"https:\/\/fd-digitalservice.de\/Web\/wp-json\/wp\/v2\/media?parent=47"}],"curies":[{"name":"wp","href":"https:\/\/api.w.org\/{rel}","templated":true}]}}