{"id":36,"date":"2016-02-17T16:51:39","date_gmt":"2016-02-17T15:51:39","guid":{"rendered":"http:\/\/fd-digitalservice.de\/Web\/?page_id=36"},"modified":"2019-10-03T16:13:22","modified_gmt":"2019-10-03T14:13:22","slug":"digitaldruck","status":"publish","type":"page","link":"https:\/\/fd-digitalservice.de\/Web\/digitaldruck\/","title":{"rendered":"Digitaldruck"},"content":{"rendered":"<div class=\"tx-row \"><\/div>\n<div class=\"tx-column tx-column-size-1-2\">\n<div class=\"tx-heading\" style=\"margin-bottom:24px; text-align: center;\"><h2 class=\"tx-heading-tag\" style=\"font-size:24px;\">Digitaldruck<\/h2><\/div>\n<p>Wir drucken oder kopieren Ihre Druckerzeugnisse im Kleinformat bis 450&#215;320 mm.<br \/>\nDank der hohen Qualit\u00e4t und einer unschlagbaren Flexibilit\u00e4t k\u00f6nnen wir Ihnen<br \/>\nein hohes Spektrum an Digitaldrucken und Kopien in s\/w und Farbe anbieten &#8211;<br \/>\nauch in kurzer Zeit! Wir drucken von 60 bis 300 g\/m , normal und strukturiert,<br \/>\nin S\/W oder Farbe.Wir erstellen von der Visitenkarte \u00fcber die Formate DIN A7<br \/>\nbis DIN A0 alle g\u00e4ngigen Gr\u00f6\u00dfen, auch in von Ihnen gew\u00fcnschten Sonderformaten.<\/p>\n<p style=\"text-align: center\">&#8211; Profitieren Sie von Print on Demand &#8211;<br \/>\nDrucken Sie nur Menge die Sie wirklich brauchen, der Umwelt zuliebe.<\/p>\n<\/div>\n<div class=\"tx-column tx-column-size-1-2\"><\/div>\n<div class=\"tx-heading\" style=\"margin-bottom:24px; text-align: center;\"><h2 class=\"tx-heading-tag\" style=\"font-size:24px;\">Hier einige Anwendungen f\u00fcr den Digitaldruck<\/h2><\/div>\n<p style=\"text-align: center;\">Kataloge, Prospekte,<br \/>\nFlyer, Visitenkarten,<br \/>\nMen\u00fckarten, Gru\u00dfkarten,<br \/>\nAufkleber, Durchschreibes\u00e4tze,<br \/>\nRegisterdrucke.<\/p>\n<p><script><br \/>\n  (function(i,s,o,g,r,a,m){i['GoogleAnalyticsObject']=r;i[r]=i[r]||function(){<br \/>\n  (i[r].q=i[r].q||[]).push(arguments)},i[r].l=1*new Date();a=s.createElement(o),<br \/>\n  m=s.getElementsByTagName(o)[0];a.async=1;a.src=g;m.parentNode.insertBefore(a,m)<br \/>\n  })(window,document,'script','https:\/\/www.google-analytics.com\/analytics.js','ga');<\/p>\n<p>  ga('create', 'UA-76735236-1', 'auto');<br \/>\n  ga('send', 'pageview');<\/p>\n<p><\/script><\/p>\n","protected":false},"excerpt":{"rendered":"<p>Kataloge, Prospekte, Flyer, Visitenkarten, Men\u00fckarten, Gru\u00dfkarten, Aufkleber, Durchschreibes\u00e4tze, Registerdrucke.<\/p>\n","protected":false},"author":1,"featured_media":0,"parent":0,"menu_order":0,"comment_status":"closed","ping_status":"closed","template":"","meta":{"footnotes":""},"class_list":["post-36","page","type-page","status-publish","hentry"],"jetpack_sharing_enabled":true,"jetpack_shortlink":"https:\/\/wp.me\/P7rMMB-A","_links":{"self":[{"href":"https:\/\/fd-digitalservice.de\/Web\/wp-json\/wp\/v2\/pages\/36","targetHints":{"allow":["GET"]}}],"collection":[{"href":"https:\/\/fd-digitalservice.de\/Web\/wp-json\/wp\/v2\/pages"}],"about":[{"href":"https:\/\/fd-digitalservice.de\/Web\/wp-json\/wp\/v2\/types\/page"}],"author":[{"embeddable":true,"href":"https:\/\/fd-digitalservice.de\/Web\/wp-json\/wp\/v2\/users\/1"}],"replies":[{"embeddable":true,"href":"https:\/\/fd-digitalservice.de\/Web\/wp-json\/wp\/v2\/comments?post=36"}],"version-history":[{"count":10,"href":"https:\/\/fd-digitalservice.de\/Web\/wp-json\/wp\/v2\/pages\/36\/revisions"}],"predecessor-version":[{"id":270,"href":"https:\/\/fd-digitalservice.de\/Web\/wp-json\/wp\/v2\/pages\/36\/revisions\/270"}],"wp:attachment":[{"href":"https:\/\/fd-digitalservice.de\/Web\/wp-json\/wp\/v2\/media?parent=36"}],"curies":[{"name":"wp","href":"https:\/\/api.w.org\/{rel}","templated":true}]}}