{"id":185,"date":"2016-04-13T14:26:12","date_gmt":"2016-04-13T12:26:12","guid":{"rendered":"http:\/\/fd-digitalservice.de\/Web\/?page_id=185"},"modified":"2018-05-23T13:31:39","modified_gmt":"2018-05-23T11:31:39","slug":"kontakt","status":"publish","type":"page","link":"https:\/\/fd-digitalservice.de\/Web\/kontakt\/","title":{"rendered":"Kontakt"},"content":{"rendered":"\n<div class=\"wpcf7 no-js\" id=\"wpcf7-f187-o1\" lang=\"de-DE\" dir=\"ltr\" data-wpcf7-id=\"187\">\n<div class=\"screen-reader-response\"><p role=\"status\" aria-live=\"polite\" aria-atomic=\"true\"><\/p> <ul><\/ul><\/div>\n<form action=\"\/Web\/wp-json\/wp\/v2\/pages\/185#wpcf7-f187-o1\" method=\"post\" class=\"wpcf7-form init\" aria-label=\"Kontaktformular\" novalidate=\"novalidate\" data-status=\"init\">\n<fieldset class=\"hidden-fields-container\"><input type=\"hidden\" name=\"_wpcf7\" value=\"187\" \/><input type=\"hidden\" name=\"_wpcf7_version\" value=\"6.1.1\" \/><input type=\"hidden\" name=\"_wpcf7_locale\" value=\"de_DE\" \/><input type=\"hidden\" name=\"_wpcf7_unit_tag\" value=\"wpcf7-f187-o1\" \/><input type=\"hidden\" name=\"_wpcf7_container_post\" value=\"0\" \/><input type=\"hidden\" name=\"_wpcf7_posted_data_hash\" value=\"\" \/>\n<\/fieldset>\n<p>Name (required)\n<\/p>\n<p><span class=\"wpcf7-form-control-wrap\" data-name=\"your-name\"><input size=\"40\" maxlength=\"400\" class=\"wpcf7-form-control wpcf7-text wpcf7-validates-as-required\" aria-required=\"true\" aria-invalid=\"false\" value=\"\" type=\"text\" name=\"your-name\" \/><\/span>\n<\/p>\n<p>Email (required)\n<\/p>\n<p><span class=\"wpcf7-form-control-wrap\" data-name=\"your-email\"><input size=\"40\" maxlength=\"400\" class=\"wpcf7-form-control wpcf7-email wpcf7-validates-as-required wpcf7-text wpcf7-validates-as-email\" aria-required=\"true\" aria-invalid=\"false\" value=\"\" type=\"email\" name=\"your-email\" \/><\/span>\n<\/p>\n<p>Betreff\n<\/p>\n<p><span class=\"wpcf7-form-control-wrap\" data-name=\"your-subject\"><input size=\"40\" maxlength=\"400\" class=\"wpcf7-form-control wpcf7-text\" aria-invalid=\"false\" value=\"\" type=\"text\" name=\"your-subject\" \/><\/span>\n<\/p>\n<p>Ihre Nachricht\n<\/p>\n<p><span class=\"wpcf7-form-control-wrap\" data-name=\"your-message\"><textarea cols=\"40\" rows=\"10\" maxlength=\"2000\" class=\"wpcf7-form-control wpcf7-textarea\" aria-invalid=\"false\" name=\"your-message\"><\/textarea><\/span>\n<\/p>\n<p><input class=\"wpcf7-form-control wpcf7-submit has-spinner\" type=\"submit\" value=\"Senden\" \/>\n<\/p><div class=\"wpcf7-response-output\" aria-hidden=\"true\"><\/div>\n<\/form>\n<\/div>\n\n<p><b><span style=\"color: #575757;\">Kontaktformular<br \/>\n<\/span><\/b> <span style=\"display: inline !important; float: none; background-color: transparent; color: #575757; font-family: 'Open Sans',Helvetica,sans-serif; font-size: 14px; font-style: normal; font-variant: normal; font-weight: 400; letter-spacing: normal; orphans: 2; text-align: left; text-decoration: none; text-indent: 0px; text-transform: none; -webkit-text-stroke-width: 0px; white-space: normal; word-spacing: 0px;\">Wenn Sie uns eine Anfrage \u00fcber unser Kontaktformular senden, \u00fcbermitteln Sie die oben genannten pers\u00f6nlichen Daten und geben uns das Recht Sie per E-Mail zu kontaktieren. Die im Rahmen der Anfrage gespeicherten Daten nutzen wir ausschlie\u00dflich f\u00fcr Ihre Anfrage und geben diese nicht weiter. Sollten es zu keinem Auftrag kommen \u2013 dann l\u00f6schen wir alle Daten die mit der Kontaktanfrage gespeichert wurden. Mehr Informationen finden Sie in unsere Datenschutzerkl\u00e4rung bei Punkt 1c.<\/span><\/p>\n","protected":false},"excerpt":{"rendered":"<p>Kontaktformular Wenn Sie uns eine Anfrage \u00fcber unser Kontaktformular senden, \u00fcbermitteln Sie die oben genannten pers\u00f6nlichen Daten und geben uns das Recht Sie per E-Mail zu kontaktieren. Die im Rahmen der Anfrage gespeicherten Daten nutzen wir ausschlie\u00dflich f\u00fcr Ihre Anfrage und geben diese nicht weiter. Sollten es zu keinem Auftrag kommen \u2013 dann l\u00f6schen wir<\/p><\/div>\n<div class=\"blog-btn\"><a href=\"https:\/\/fd-digitalservice.de\/Web\/kontakt\/\" class=\"home-blog-btn\">Weiterlesen<\/a><\/p>\n","protected":false},"author":1,"featured_media":0,"parent":0,"menu_order":0,"comment_status":"closed","ping_status":"closed","template":"","meta":{"footnotes":""},"class_list":["post-185","page","type-page","status-publish","hentry"],"jetpack_sharing_enabled":true,"jetpack_shortlink":"https:\/\/wp.me\/P7rMMB-2Z","_links":{"self":[{"href":"https:\/\/fd-digitalservice.de\/Web\/wp-json\/wp\/v2\/pages\/185","targetHints":{"allow":["GET"]}}],"collection":[{"href":"https:\/\/fd-digitalservice.de\/Web\/wp-json\/wp\/v2\/pages"}],"about":[{"href":"https:\/\/fd-digitalservice.de\/Web\/wp-json\/wp\/v2\/types\/page"}],"author":[{"embeddable":true,"href":"https:\/\/fd-digitalservice.de\/Web\/wp-json\/wp\/v2\/users\/1"}],"replies":[{"embeddable":true,"href":"https:\/\/fd-digitalservice.de\/Web\/wp-json\/wp\/v2\/comments?post=185"}],"version-history":[{"count":3,"href":"https:\/\/fd-digitalservice.de\/Web\/wp-json\/wp\/v2\/pages\/185\/revisions"}],"predecessor-version":[{"id":219,"href":"https:\/\/fd-digitalservice.de\/Web\/wp-json\/wp\/v2\/pages\/185\/revisions\/219"}],"wp:attachment":[{"href":"https:\/\/fd-digitalservice.de\/Web\/wp-json\/wp\/v2\/media?parent=185"}],"curies":[{"name":"wp","href":"https:\/\/api.w.org\/{rel}","templated":true}]}}