{"id":182,"date":"2016-04-13T13:33:17","date_gmt":"2016-04-13T11:33:17","guid":{"rendered":"http:\/\/fd-digitalservice.de\/Web\/?page_id=182"},"modified":"2019-11-06T12:48:08","modified_gmt":"2019-11-06T11:48:08","slug":"impressum","status":"publish","type":"page","link":"https:\/\/fd-digitalservice.de\/Web\/impressum\/","title":{"rendered":"Impressum"},"content":{"rendered":"<p><b>Verantwortlich f\u00fcr den Inhalt gem\u00e4\u00df Telemediengesetz:<\/b><\/p>\n<p><b>FD DigitalService GmbH<\/b><br \/>\nGothaer Str. 13<br \/>\n40880 Ratingen<\/p>\n<p>Tel: (0 21 02) 730 96 96<\/p>\n<p>E-Mail: <a href=\"mailto:info@fd-digitalservice.de\"><u><span style=\"color: #0066cc;\">info@fd-digitalservice.de<\/span><\/u><\/a><\/p>\n<p>Gesch\u00e4ftsf\u00fchrer: Sascha Leidel<br \/>\nUsSt-IdNr. DE 815 528 647<\/p>\n<p>Amtsgericht D\u00fcsseldorf<br \/>\nHRB 76099<\/p>\n<p><b>Haftung f\u00fcr Inhalte<br \/>\n<\/b>Die Inhalte unserer Seiten wurden mit gr\u00f6\u00dfter Sorgfalt erstellt. F\u00fcr\u00a0 die Richtigkeit, Vollst\u00e4ndigkeit und Aktualit\u00e4t der Inhalte k\u00f6nnen wir\u00a0 jedoch keine Gew\u00e4hr \u00fcbernehmen. Als Diensteanbieter sind wir gem\u00e4\u00df \u00a7 7\u00a0 Abs.1 TMG f\u00fcr eigene Inhalte auf diesen Seiten nach den allgemeinen\u00a0 Gesetzen verantwortlich. Nach \u00a7\u00a7 8 bis 10 TMG sind wir als\u00a0 Diensteanbieter jedoch nicht verpflichtet, \u00fcbermittelte oder\u00a0 gespeicherte fremde Informationen zu \u00fcberwachen oder nach Umst\u00e4nden zu\u00a0 forschen, die auf eine rechtswidrige T\u00e4tigkeit hinweisen.\u00a0 Verpflichtungen zur Entfernung oder Sperrung der Nutzung von\u00a0 Informationen nach den allgemeinen Gesetzen bleiben hiervon unber\u00fchrt.\u00a0 Eine diesbez\u00fcgliche Haftung ist jedoch erst ab dem Zeitpunkt der\u00a0 Kenntnis einer konkreten Rechtsverletzung m\u00f6glich. Bei Bekanntwerden von entsprechenden Rechtsverletzungen werden wir diese Inhalte umgehend\u00a0 entfernen.<\/p>\n<p><b>Haftung f\u00fcr Links<br \/>\n<\/b>Unser Angebot enth\u00e4lt Links zu externen Webseiten Dritter, auf deren\u00a0 Inhalte wir keinen Einfluss haben. Deshalb k\u00f6nnen wir f\u00fcr diese fremden\u00a0 Inhalte auch keine Gew\u00e4hr \u00fcbernehmen. F\u00fcr die Inhalte der verlinkten\u00a0 Seiten ist stets der jeweilige Anbieter oder Betreiber der Seiten\u00a0 verantwortlich. Die verlinkten Seiten wurden zum Zeitpunkt der\u00a0 Verlinkung auf m\u00f6gliche Rechtsverst\u00f6\u00dfe \u00fcberpr\u00fcft. Rechtswidrige Inhalte\u00a0 waren zum Zeitpunkt der Verlinkung nicht erkennbar. Eine permanente\u00a0 inhaltliche Kontrolle der verlinkten Seiten ist jedoch ohne konkrete\u00a0 Anhaltspunkte einer Rechtsverletzung nicht zumutbar. Bei Bekanntwerden\u00a0 von Rechtsverletzungen werden wir derartige Links umgehend entfernen.<\/p>\n<p><b>Urheberrecht<\/b><\/p>\n<p>Die durch die Seitenbetreiber erstellten Inhalte und Werke auf diesen Seiten unterliegen dem deutschen Urheberrecht. Die Vervielf\u00e4ltigung,\u00a0 Bearbeitung, Verbreitung und jede Art der Verwertung au\u00dferhalb der\u00a0 Grenzen des Urheberrechtes bed\u00fcrfen der schriftlichen Zustimmung des\u00a0 jeweiligen Autors bzw. Erstellers. Downloads und Kopien dieser Seite\u00a0 sind nur f\u00fcr den privaten, nicht kommerziellen Gebrauch gestattet.\u00a0 Soweit die Inhalte auf dieser Seite nicht vom Betreiber erstellt wurden, werden die Urheberrechte Dritter beachtet. Insbesondere werden Inhalte\u00a0 Dritter als solche gekennzeichnet. Sollten Sie trotzdem auf eine\u00a0 Urheberrechtsverletzung aufmerksam werden, bitten wir um einen\u00a0 entsprechenden Hinweis. Bei Bekanntwerden von Rechtsverletzungen werden\u00a0 wir derartige Inhalte umgehend entfernen.<\/p>\n<p><b>Datenschutz<br \/>\n<\/b>Die Nutzung unserer Webseite ist in der Regel ohne Angabe\u00a0 personenbezogener Daten m\u00f6glich. Soweit auf unseren Seiten\u00a0 personenbezogene Daten (beispielsweise Name, Anschrift oder\u00a0 eMail-Adressen) erhoben werden, erfolgt dies, soweit m\u00f6glich, stets auf\u00a0 freiwilliger Basis. Diese Daten werden ohne Ihre ausdr\u00fcckliche\u00a0 Zustimmung nicht an Dritte weitergegeben.<\/p>\n<p>Wir weisen darauf hin, dass die Daten\u00fcbertragung im Internet (z.B.\u00a0 bei der Kommunikation per E-Mail) Sicherheitsl\u00fccken aufweisen kann. Ein\u00a0 l\u00fcckenloser Schutz der Daten vor dem Zugriff durch Dritte ist nicht\u00a0 m\u00f6glich.<\/p>\n<p>Der Nutzung von im Rahmen der Impressumspflicht ver\u00f6ffentlichten\u00a0 Kontaktdaten durch Dritte zur \u00dcbersendung von nicht ausdr\u00fccklich\u00a0 angeforderter Werbung und Informationsmaterialien wird hiermit\u00a0 ausdr\u00fccklich widersprochen. Die Betreiber der Seiten behalten sich\u00a0 ausdr\u00fccklich rechtliche Schritte im Falle der unverlangten Zusendung von Werbeinformationen, etwa durch Spam-Mails, vor.<\/p>\n<p><b>Google Analytics Hinweis<br \/>\n<\/b>Diese Website benutzt Google Analytics, einen Webanalysedienst der\u00a0 Googe Inc. (\u201cGoogle\u201d\u20ac\u009d) Google Analytics verwendet sog. \u201cCookies\u201d\u20ac\u009d,\u00a0 Textdateien, die auf Ihrem Computer gespeichert werden und die eine\u00a0 Analyse der Benutzung der Website durch Sie erm\u00e4glicht. Die durch den\u00a0 Cookie erzeugten Informationen \u00fcber Ihre Benutzung diese Website\u00a0 (einschlie\u00dflich Ihrer IP-Adresse) wird an einen Server der Google in den USA \u00fcbertragen und dort gespeichert. Google wird diese Informationen\u00a0 benutzen, um Ihre Nutzung der Website auszuwerten, um Reports \u00fcber die\u00a0 Websiteaktivit\u00e4ten f\u00fcr die Websitebetreiber zusammenzustellen und um\u00a0 weitere mit der Websitennutzung und der Internetnutzung verbundene\u00a0 Dienstleistungen zu erbringen. Auch wird Google diese Informationen\u00a0 gegebenenfalls an Dritte \u00fcbertragen, sofern dies gesetzlich\u00a0 vorgeschrieben oder soweit Dritte diese Daten im Auftrag von Google\u00a0 verarbeiten. Google wird in keinem Fall Ihre IP-Adresse mit anderen\u00a0 Daten der Google in Verbindung bringen. Sie k\u00e4nnen die Installation der\u00a0 Cookies durch eine entsprechende Einstellung Ihrer Browser Software\u00a0 verhindern; wir weisen Sie jedoch darauf hin, dass Sie in diesem Fall\u00a0 gegebenenfalls nicht s\u00e4mtliche Funktionen dieser Website voll umf\u00e4nglich nutzen k\u00f6nnen. Durch die Nutzung dieser Website erkl\u00e4ren Sie sich mit\u00a0 der Bearbeitung der \u00fcber Sie erhobenen Daten durch Google in der zuvor\u00a0 beschriebenen Art und Weise und zu dem zuvor benannten Zweck\u00a0 einverstanden.<\/p>\n<p><b>Google Fonts Datenschutzerkl\u00e4rung<br \/>\n<\/b>Wir verwenden Google Fonts der Firma Google Inc. (1600 Amphitheatre Parkway Mountain View, CA 94043, USA) auf unserer Webseite. Die Verwendung von Google Fonts erfolgt ohne Authentisierung und es werden keine Cookies and die Google Fonts API gesendet. Sollten Sie ein Konto bei Google haben, werden keine Ihrer Google-Kontodaten an Google w\u00e4hrend der Nutzung von Google Fonts \u00fcbermittelt. Google erfasst lediglich die Nutzung von CSS und der verwendeten Fonts und speichert diese Daten sicher. Mehr zu diesen und weiteren Fragen finden Sie auf <a href=\"https:\/\/developers.google.com\/fonts\/faq\">https:\/\/developers.google.com\/fonts\/faq<\/a>. Welche Daten von Google erfasst werden und wof\u00fcr diese Daten verwendet werden, k\u00f6nnen Sie auf <a href=\"https:\/\/www.google.com\/intl\/de\/policies\/privacy\/\">https:\/\/www.google.com\/intl\/de\/policies\/privacy\/<\/a> nachlesen.<\/p>\n<p><b>Google Maps Datenschutzerkl\u00e4rung<br \/>\n<\/b>Wir verwenden Google Maps der Firma Google Inc. (1600 Amphitheatre Parkway Mountain View, CA 94043, USA) auf unserer Webseite. Durch die Nutzung der Funktionen dieser Karte werden Daten an Google \u00fcbertragen. Welche Daten von Google erfasst werden und wof\u00fcr diese Daten verwendet werden, k\u00f6nnen Sie auf <a href=\"https:\/\/www.google.com\/intl\/de\/policies\/privacy\/\">https:\/\/www.google.com\/intl\/de\/policies\/privacy\/<\/a> nachlesen.<br \/>\n<b><\/b><\/p>\n<p><b>Kontaktformular<br \/>\n<\/b>Wenn Sie uns eine Anfrage \u00fcber unser Kontaktformular senden, \u00fcbermitteln Sie die oben genannten pers\u00f6nlichen Daten und geben uns das Recht Sie per E-Mail zu kontaktieren. Die im Rahmen der Anfrage gespeicherten Daten nutzen wir ausschlie\u00dflich f\u00fcr Ihre Anfrage und geben diese nicht weiter. Sollten es zu keinem Auftrag kommen \u2013 dann l\u00f6schen wir alle Daten die mit der Kontaktanfrage gespeichert wurden. Mehr Informationen finden Sie in unsere Datenschutzerkl\u00e4rung bei Punkt 1c.<\/p>\n","protected":false},"excerpt":{"rendered":"<p>Verantwortlich f\u00fcr den Inhalt gem\u00e4\u00df Telemediengesetz: FD DigitalService GmbH Gothaer Str. 13 40880 Ratingen Tel: (0 21 02) 730 96 96 E-Mail: info@fd-digitalservice.de Gesch\u00e4ftsf\u00fchrer: Sascha Leidel UsSt-IdNr. DE 815 528 647 Amtsgericht D\u00fcsseldorf HRB 76099 Haftung f\u00fcr Inhalte Die Inhalte unserer Seiten wurden mit gr\u00f6\u00dfter Sorgfalt erstellt. F\u00fcr\u00a0 die Richtigkeit, Vollst\u00e4ndigkeit und Aktualit\u00e4t der Inhalte<\/p><\/div>\n<div class=\"blog-btn\"><a href=\"https:\/\/fd-digitalservice.de\/Web\/impressum\/\" class=\"home-blog-btn\">Weiterlesen<\/a><\/p>\n","protected":false},"author":1,"featured_media":0,"parent":0,"menu_order":0,"comment_status":"closed","ping_status":"closed","template":"","meta":{"footnotes":""},"class_list":["post-182","page","type-page","status-publish","hentry"],"jetpack_sharing_enabled":true,"jetpack_shortlink":"https:\/\/wp.me\/P7rMMB-2W","_links":{"self":[{"href":"https:\/\/fd-digitalservice.de\/Web\/wp-json\/wp\/v2\/pages\/182","targetHints":{"allow":["GET"]}}],"collection":[{"href":"https:\/\/fd-digitalservice.de\/Web\/wp-json\/wp\/v2\/pages"}],"about":[{"href":"https:\/\/fd-digitalservice.de\/Web\/wp-json\/wp\/v2\/types\/page"}],"author":[{"embeddable":true,"href":"https:\/\/fd-digitalservice.de\/Web\/wp-json\/wp\/v2\/users\/1"}],"replies":[{"embeddable":true,"href":"https:\/\/fd-digitalservice.de\/Web\/wp-json\/wp\/v2\/comments?post=182"}],"version-history":[{"count":4,"href":"https:\/\/fd-digitalservice.de\/Web\/wp-json\/wp\/v2\/pages\/182\/revisions"}],"predecessor-version":[{"id":273,"href":"https:\/\/fd-digitalservice.de\/Web\/wp-json\/wp\/v2\/pages\/182\/revisions\/273"}],"wp:attachment":[{"href":"https:\/\/fd-digitalservice.de\/Web\/wp-json\/wp\/v2\/media?parent=182"}],"curies":[{"name":"wp","href":"https:\/\/api.w.org\/{rel}","templated":true}]}}